{"id":1049,"date":"2025-08-11T14:27:32","date_gmt":"2025-08-11T12:27:32","guid":{"rendered":"https:\/\/chopincalligraphy.pl\/about\/"},"modified":"2025-08-24T10:23:13","modified_gmt":"2025-08-24T08:23:13","slug":"zeszyt-do-kaligrafii","status":"publish","type":"page","link":"https:\/\/chopincalligraphy.pl\/en\/zeszyt-do-kaligrafii\/","title":{"rendered":"Calligraphy Notebook"},"content":{"rendered":"<div data-elementor-type=\"wp-post\" data-elementor-id=\"1049\" class=\"elementor elementor-1049\" data-elementor-post-type=\"page\">\n\t\t\t\t<div class=\"elementor-element elementor-element-5f02ddf e-flex e-con-boxed e-con e-parent\" data-id=\"5f02ddf\" data-element_type=\"container\" data-settings=\"{&quot;background_background&quot;:&quot;classic&quot;}\">\n\t\t\t\t\t<div class=\"e-con-inner\">\n\t\t<div class=\"elementor-element elementor-element-0502d81 e-con-full e-flex e-con e-child\" data-id=\"0502d81\" data-element_type=\"container\">\n\t\t\t\t<div class=\"elementor-element elementor-element-03d202b elementor-widget elementor-widget-heading\" data-id=\"03d202b\" data-element_type=\"widget\" data-widget_type=\"heading.default\">\n\t\t\t\t<div class=\"elementor-widget-container\">\n\t\t\t\t\t<h1 class=\"elementor-heading-title elementor-size-default\">Calligraphy Notebooks <\/h1>\t\t\t\t<\/div>\n\t\t\t\t<\/div>\n\t\t\t\t<\/div>\n\t\t\t\t\t<\/div>\n\t\t\t\t<\/div>\n\t\t<div class=\"elementor-element elementor-element-02605aa e-flex e-con-boxed e-con e-parent\" data-id=\"02605aa\" data-element_type=\"container\">\n\t\t\t\t\t<div class=\"e-con-inner\">\n\t\t\t\t<div class=\"elementor-element elementor-element-771993c elementor-widget elementor-widget-heading\" data-id=\"771993c\" data-element_type=\"widget\" data-widget_type=\"heading.default\">\n\t\t\t\t<div class=\"elementor-widget-container\">\n\t\t\t\t\t<h2 class=\"elementor-heading-title elementor-size-default\">Coming soon to our online shop...calligraphy notebooks<\/h2>\t\t\t\t<\/div>\n\t\t\t\t<\/div>\n\t\t\t\t\t<\/div>\n\t\t\t\t<\/div>\n\t\t<div class=\"elementor-element elementor-element-06c5ab4 e-flex e-con-boxed e-con e-parent\" data-id=\"06c5ab4\" data-element_type=\"container\">\n\t\t\t\t\t<div class=\"e-con-inner\">\n\t\t<div class=\"elementor-element elementor-element-15a1bca e-con-full e-flex e-con e-child\" data-id=\"15a1bca\" data-element_type=\"container\">\n\t\t\t\t<div class=\"elementor-element elementor-element-6ce795d elementor-widget elementor-widget-image\" data-id=\"6ce795d\" data-element_type=\"widget\" data-widget_type=\"image.default\">\n\t\t\t\t<div class=\"elementor-widget-container\">\n\t\t\t\t\t\t\t\t\t\t\t\t\t\t\t<img fetchpriority=\"high\" decoding=\"async\" width=\"1024\" height=\"857\" src=\"https:\/\/chopincalligraphy.pl\/wp-content\/uploads\/2025\/08\/Chopin-zeszyt-ok\u253ceadka-1-3-images-2-1024x857.jpg\" class=\"attachment-large size-large wp-image-1947\" alt=\"zeszyt do nauki kaligrafii z epoki chopina, kaligrafia, kt\u00f3rej uczy\u0142 si\u0119 chopin\" srcset=\"\" sizes=\"(max-width: 1024px) 100vw, 1024px\" data-srcset=\"\" \/>\t\t\t\t\t\t\t\t\t\t\t\t\t\t\t<\/div>\n\t\t\t\t<\/div>\n\t\t\t\t<\/div>\n\t\t<div class=\"elementor-element elementor-element-ed84975 e-con-full e-flex e-con e-child\" data-id=\"ed84975\" data-element_type=\"container\">\n\t\t\t\t<div class=\"elementor-element elementor-element-597ccef elementor-widget elementor-widget-image\" data-id=\"597ccef\" data-element_type=\"widget\" data-widget_type=\"image.default\">\n\t\t\t\t<div class=\"elementor-widget-container\">\n\t\t\t\t\t\t\t\t\t\t\t\t\t\t\t<img decoding=\"async\" width=\"1024\" height=\"857\" src=\"https:\/\/chopincalligraphy.pl\/wp-content\/uploads\/2025\/08\/Chopin-zeszyt-ok\u253ceadka-1-3-images-0-1024x857.jpg\" class=\"attachment-large size-large wp-image-1945\" alt=\"zeszyt do nauki kaligrafii z epoki chopina po angielsku, kaligrafia, kt\u00f3rej uczy\u0142 si\u0119 chopin\" srcset=\"\" sizes=\"(max-width: 1024px) 100vw, 1024px\" data-srcset=\"\" \/>\t\t\t\t\t\t\t\t\t\t\t\t\t\t\t<\/div>\n\t\t\t\t<\/div>\n\t\t\t\t<\/div>\n\t\t<div class=\"elementor-element elementor-element-feded50 e-con-full e-flex e-con e-child\" data-id=\"feded50\" data-element_type=\"container\">\n\t\t\t\t<div class=\"elementor-element elementor-element-6f563e6 elementor-widget elementor-widget-image\" data-id=\"6f563e6\" data-element_type=\"widget\" data-widget_type=\"image.default\">\n\t\t\t\t<div class=\"elementor-widget-container\">\n\t\t\t\t\t\t\t\t\t\t\t\t\t\t\t<img decoding=\"async\" width=\"1024\" height=\"857\" src=\"https:\/\/chopincalligraphy.pl\/wp-content\/uploads\/2025\/08\/Chopin-zeszyt-ok\u253ceadka-1-3-images-1-1024x857.jpg\" class=\"attachment-large size-large wp-image-1946\" alt=\"zeszyt do nauki kaligrafii z epoki chopina po angielsku i japo\u0144sku, kaligrafia, kt\u00f3rej uczy\u0142 si\u0119 chopin\" srcset=\"\" sizes=\"(max-width: 1024px) 100vw, 1024px\" data-srcset=\"\" \/>\t\t\t\t\t\t\t\t\t\t\t\t\t\t\t<\/div>\n\t\t\t\t<\/div>\n\t\t\t\t<\/div>\n\t\t\t\t\t<\/div>\n\t\t\t\t<\/div>\n\t\t\t\t<\/div>","protected":false},"excerpt":{"rendered":"<p>Zeszyty do Kaligrafii Ju\u017c nied\u0142ugo do nabycia w naszym sklepie&#8230;zeszyty do kaligrafii<\/p>","protected":false},"author":1,"featured_media":0,"parent":0,"menu_order":0,"comment_status":"closed","ping_status":"closed","template":"","meta":{"site-sidebar-layout":"no-sidebar","site-content-layout":"page-builder","ast-site-content-layout":"full-width-container","site-content-style":"unboxed","site-sidebar-style":"unboxed","ast-global-header-display":"","ast-banner-title-visibility":"","ast-main-header-display":"","ast-hfb-above-header-display":"","ast-hfb-below-header-display":"","ast-hfb-mobile-header-display":"","site-post-title":"disabled","ast-breadcrumbs-content":"","ast-featured-img":"disabled","footer-sml-layout":"","theme-transparent-header-meta":"enabled","adv-header-id-meta":"","stick-header-meta":"","header-above-stick-meta":"","header-main-stick-meta":"","header-below-stick-meta":"","astra-migrate-meta-layouts":"set","ast-page-background-enabled":"default","ast-page-background-meta":{"desktop":{"background-color":"","background-image":"","background-repeat":"repeat","background-position":"center center","background-size":"auto","background-attachment":"scroll","background-type":"","background-media":"","overlay-type":"","overlay-color":"","overlay-opacity":"","overlay-gradient":""},"tablet":{"background-color":"","background-image":"","background-repeat":"repeat","background-position":"center center","background-size":"auto","background-attachment":"scroll","background-type":"","background-media":"","overlay-type":"","overlay-color":"","overlay-opacity":"","overlay-gradient":""},"mobile":{"background-color":"","background-image":"","background-repeat":"repeat","background-position":"center center","background-size":"auto","background-attachment":"scroll","background-type":"","background-media":"","overlay-type":"","overlay-color":"","overlay-opacity":"","overlay-gradient":""}},"ast-content-background-meta":{"desktop":{"background-color":"var(--ast-global-color-5)","background-image":"","background-repeat":"repeat","background-position":"center center","background-size":"auto","background-attachment":"scroll","background-type":"","background-media":"","overlay-type":"","overlay-color":"","overlay-opacity":"","overlay-gradient":""},"tablet":{"background-color":"var(--ast-global-color-5)","background-image":"","background-repeat":"repeat","background-position":"center center","background-size":"auto","background-attachment":"scroll","background-type":"","background-media":"","overlay-type":"","overlay-color":"","overlay-opacity":"","overlay-gradient":""},"mobile":{"background-color":"var(--ast-global-color-5)","background-image":"","background-repeat":"repeat","background-position":"center center","background-size":"auto","background-attachment":"scroll","background-type":"","background-media":"","overlay-type":"","overlay-color":"","overlay-opacity":"","overlay-gradient":""}},"footnotes":""},"class_list":["post-1049","page","type-page","status-publish","hentry"],"aioseo_notices":[],"_links":{"self":[{"href":"https:\/\/chopincalligraphy.pl\/en\/wp-json\/wp\/v2\/pages\/1049","targetHints":{"allow":["GET"]}}],"collection":[{"href":"https:\/\/chopincalligraphy.pl\/en\/wp-json\/wp\/v2\/pages"}],"about":[{"href":"https:\/\/chopincalligraphy.pl\/en\/wp-json\/wp\/v2\/types\/page"}],"author":[{"embeddable":true,"href":"https:\/\/chopincalligraphy.pl\/en\/wp-json\/wp\/v2\/users\/1"}],"replies":[{"embeddable":true,"href":"https:\/\/chopincalligraphy.pl\/en\/wp-json\/wp\/v2\/comments?post=1049"}],"version-history":[{"count":36,"href":"https:\/\/chopincalligraphy.pl\/en\/wp-json\/wp\/v2\/pages\/1049\/revisions"}],"predecessor-version":[{"id":2124,"href":"https:\/\/chopincalligraphy.pl\/en\/wp-json\/wp\/v2\/pages\/1049\/revisions\/2124"}],"wp:attachment":[{"href":"https:\/\/chopincalligraphy.pl\/en\/wp-json\/wp\/v2\/media?parent=1049"}],"curies":[{"name":"wp","href":"https:\/\/api.w.org\/{rel}","templated":true}]}}